{"id":295,"date":"2025-10-31T22:35:37","date_gmt":"2025-11-01T01:35:37","guid":{"rendered":"https:\/\/netoconstrutor.com.br\/?page_id=295"},"modified":"2025-11-01T21:58:18","modified_gmt":"2025-11-02T00:58:18","slug":"quem-somos","status":"publish","type":"page","link":"https:\/\/netoconstrutor.com.br\/?page_id=295","title":{"rendered":"Quem Somos"},"content":{"rendered":"\t\t<div data-elementor-type=\"wp-page\" data-elementor-id=\"295\" class=\"elementor elementor-295\" data-elementor-post-type=\"page\">\n\t\t\t\t<div class=\"elementor-element elementor-element-9d3097e e-con-full e-flex e-con e-parent\" data-id=\"9d3097e\" data-element_type=\"container\">\n\t\t<div class=\"elementor-element elementor-element-30489d9 e-con-full e-flex e-con e-child\" data-id=\"30489d9\" data-element_type=\"container\" data-settings=\"{&quot;background_background&quot;:&quot;classic&quot;}\">\n\t\t\t\t<div class=\"elementor-element elementor-element-f7d726b elementor-widget elementor-widget-image\" data-id=\"f7d726b\" data-element_type=\"widget\" data-widget_type=\"image.default\">\n\t\t\t\t\t\t\t\t\t\t\t\t\t\t\t<img fetchpriority=\"high\" decoding=\"async\" width=\"2560\" height=\"1280\" src=\"https:\/\/netoconstrutor.com.br\/wp-content\/uploads\/2025\/10\/Banner-para-Anuncio-Neon--scaled.png\" class=\"attachment-full size-full wp-image-152\" alt=\"\" srcset=\"https:\/\/netoconstrutor.com.br\/wp-content\/uploads\/2025\/10\/Banner-para-Anuncio-Neon--scaled.png 2560w, https:\/\/netoconstrutor.com.br\/wp-content\/uploads\/2025\/10\/Banner-para-Anuncio-Neon--300x150.png 300w, https:\/\/netoconstrutor.com.br\/wp-content\/uploads\/2025\/10\/Banner-para-Anuncio-Neon--1024x512.png 1024w, https:\/\/netoconstrutor.com.br\/wp-content\/uploads\/2025\/10\/Banner-para-Anuncio-Neon--768x384.png 768w, https:\/\/netoconstrutor.com.br\/wp-content\/uploads\/2025\/10\/Banner-para-Anuncio-Neon--1536x768.png 1536w, https:\/\/netoconstrutor.com.br\/wp-content\/uploads\/2025\/10\/Banner-para-Anuncio-Neon--2048x1024.png 2048w\" sizes=\"(max-width: 2560px) 100vw, 2560px\" \/>\t\t\t\t\t\t\t\t\t\t\t\t\t\t\t<\/div>\n\t\t\t\t<div class=\"elementor-element elementor-element-39d4b9f elementor-absolute elementor-widget__width-initial elementor-widget elementor-widget-image\" data-id=\"39d4b9f\" data-element_type=\"widget\" data-settings=\"{&quot;_position&quot;:&quot;absolute&quot;}\" data-widget_type=\"image.default\">\n\t\t\t\t\t\t\t\t\t\t\t\t\t\t\t<img decoding=\"async\" width=\"1600\" height=\"900\" src=\"https:\/\/netoconstrutor.com.br\/wp-content\/uploads\/2025\/10\/WhatsApp-Image-2025-10-31-at-15.20.51-1.jpeg\" class=\"attachment-full size-full wp-image-203\" alt=\"\" srcset=\"https:\/\/netoconstrutor.com.br\/wp-content\/uploads\/2025\/10\/WhatsApp-Image-2025-10-31-at-15.20.51-1.jpeg 1600w, https:\/\/netoconstrutor.com.br\/wp-content\/uploads\/2025\/10\/WhatsApp-Image-2025-10-31-at-15.20.51-1-300x169.jpeg 300w, https:\/\/netoconstrutor.com.br\/wp-content\/uploads\/2025\/10\/WhatsApp-Image-2025-10-31-at-15.20.51-1-1024x576.jpeg 1024w, https:\/\/netoconstrutor.com.br\/wp-content\/uploads\/2025\/10\/WhatsApp-Image-2025-10-31-at-15.20.51-1-768x432.jpeg 768w, https:\/\/netoconstrutor.com.br\/wp-content\/uploads\/2025\/10\/WhatsApp-Image-2025-10-31-at-15.20.51-1-1536x864.jpeg 1536w\" sizes=\"(max-width: 1600px) 100vw, 1600px\" \/>\t\t\t\t\t\t\t\t\t\t\t\t\t\t\t<\/div>\n\t\t<div class=\"elementor-element elementor-element-1282a5b e-con-full e-flex e-con e-child\" data-id=\"1282a5b\" data-element_type=\"container\" data-settings=\"{&quot;background_background&quot;:&quot;classic&quot;,&quot;position&quot;:&quot;absolute&quot;}\">\n\t\t\t\t<div class=\"elementor-element elementor-element-a8f69b0 elementor-widget elementor-widget-counter\" data-id=\"a8f69b0\" data-element_type=\"widget\" data-widget_type=\"counter.default\">\n\t\t\t\t\t\t\t<div class=\"elementor-counter\">\n\t\t\t<div class=\"elementor-counter-title\">Anos de Mercado<\/div>\t\t\t<div class=\"elementor-counter-number-wrapper\">\n\t\t\t\t<span class=\"elementor-counter-number-prefix\">+<\/span>\n\t\t\t\t<span class=\"elementor-counter-number\" data-duration=\"2000\" data-to-value=\"25\" data-from-value=\"0\" data-delimiter=\",\">0<\/span>\n\t\t\t\t<span class=\"elementor-counter-number-suffix\"><\/span>\n\t\t\t<\/div>\n\t\t<\/div>\n\t\t\t\t\t\t<\/div>\n\t\t\t\t<\/div>\n\t\t\t\t<\/div>\n\t\t<div class=\"elementor-element elementor-element-9dc3144 e-con-full e-flex e-con e-child\" data-id=\"9dc3144\" data-element_type=\"container\">\n\t\t\t\t<div class=\"elementor-element elementor-element-bf9f2f1 elementor-widget elementor-widget-heading\" data-id=\"bf9f2f1\" data-element_type=\"widget\" data-widget_type=\"heading.default\">\n\t\t\t\t\t<h6 class=\"elementor-heading-title elementor-size-default\">Quem Somos<\/h6>\t\t\t\t<\/div>\n\t\t\t\t<div class=\"elementor-element elementor-element-0732944 elementor-widget elementor-widget-heading\" data-id=\"0732944\" data-element_type=\"widget\" data-widget_type=\"heading.default\">\n\t\t\t\t\t<h2 class=\"elementor-heading-title elementor-size-default\">Neto Construtor e Corretor de Im\u00f3veis<\/h2>\t\t\t\t<\/div>\n\t\t\t\t<div class=\"elementor-element elementor-element-1654f35 elementor-widget elementor-widget-text-editor\" data-id=\"1654f35\" data-element_type=\"widget\" data-widget_type=\"text-editor.default\">\n\t\t\t\t\t\t\t\t\t<p data-start=\"798\" data-end=\"970\">Com uma trajet\u00f3ria s\u00f3lida e centenas de fam\u00edlias satisfeitas, seguimos construindo hist\u00f3rias de sucesso \u2014 unindo tecnologia, sustentabilidade e atendimento personalizado.<\/p><p data-start=\"972\" data-end=\"1183\">\ud83d\udd39 <strong data-start=\"975\" data-end=\"990\">Construtora<\/strong> \u2013 Projetos inovadores, obras de alto padr\u00e3o e entrega dentro do prazo.<br data-start=\"1061\" data-end=\"1064\" \/>\ud83d\udd39 <strong data-start=\"1067\" data-end=\"1091\">Corretora de Im\u00f3veis<\/strong> \u2013 Intermedia\u00e7\u00e3o segura, consultoria especializada e as melhores oportunidades do mercado.<\/p><p data-start=\"1185\" data-end=\"1331\">Venha descobrir por que h\u00e1 25 anos somos refer\u00eancia em confian\u00e7a e qualidade em Alagoas.<\/p><p data-start=\"1185\" data-end=\"1331\">Aqui, cada projeto \u00e9 pensado com <strong data-start=\"842\" data-end=\"892\">cuidado, transpar\u00eancia e amor pelo que fazemos<\/strong>. Porque mais do que erguer pr\u00e9dios, n\u00f3s <strong data-start=\"933\" data-end=\"980\">constru\u00edmos hist\u00f3rias e conex\u00f5es duradouras<\/strong>.<\/p><p data-start=\"1185\" data-end=\"1331\">\u2728<strong>Neto Construtor e Corretor de Im\u00f3veis experi\u00eancia que constr\u00f3i, confian\u00e7a que permanece.<\/strong><\/p>\t\t\t\t\t\t\t\t<\/div>\n\t\t\t\t<div class=\"elementor-element elementor-element-e7e033e elementor-widget elementor-widget-button\" data-id=\"e7e033e\" data-element_type=\"widget\" data-widget_type=\"button.default\">\n\t\t\t\t\t\t\t\t\t\t<a class=\"elementor-button elementor-button-link elementor-size-sm\" href=\"#\">\n\t\t\t\t\t\t<span class=\"elementor-button-content-wrapper\">\n\t\t\t\t\t\t\t\t\t<span class=\"elementor-button-text\">More About Us<\/span>\n\t\t\t\t\t<\/span>\n\t\t\t\t\t<\/a>\n\t\t\t\t\t\t\t\t<\/div>\n\t\t\t\t<\/div>\n\t\t\t\t<\/div>\n\t\t<div class=\"elementor-element elementor-element-71de026 e-flex e-con-boxed e-con e-parent\" data-id=\"71de026\" data-element_type=\"container\">\n\t\t\t\t\t<div class=\"e-con-inner\">\n\t\t<div class=\"elementor-element elementor-element-76226a07 e-con-full e-flex e-con e-child\" data-id=\"76226a07\" data-element_type=\"container\">\n\t\t\t\t<div class=\"elementor-element elementor-element-55cb2cdb elementor-widget elementor-widget-heading\" data-id=\"55cb2cdb\" data-element_type=\"widget\" data-widget_type=\"heading.default\">\n\t\t\t\t\t<h2 class=\"elementor-heading-title elementor-size-default\">Seja Parte da Experi\u00eancia Neto Construtor<\/h2>\t\t\t\t<\/div>\n\t\t\t\t<div class=\"elementor-element elementor-element-4a70fb91 elementor-widget elementor-widget-text-editor\" data-id=\"4a70fb91\" data-element_type=\"widget\" data-widget_type=\"text-editor.default\">\n\t\t\t\t\t\t\t\t\t<p>Nosso prop\u00f3sito \u00e9 <strong data-start=\"930\" data-end=\"1018\">transformar ideias em realidade com responsabilidade, inova\u00e7\u00e3o e respeito ao cliente<\/strong>. Cada empreendimento reflete o nosso compromisso com o desenvolvimento urbano sustent\u00e1vel e o crescimento do estado de Alagoas.<\/p>\t\t\t\t\t\t\t\t<\/div>\n\t\t\t\t<div class=\"elementor-element elementor-element-208f727d elementor-view-stacked elementor-widget__width-initial elementor-widget-mobile__width-inherit elementor-shape-circle elementor-position-top elementor-mobile-position-top elementor-widget elementor-widget-icon-box\" data-id=\"208f727d\" data-element_type=\"widget\" data-widget_type=\"icon-box.default\">\n\t\t\t\t\t\t\t<div class=\"elementor-icon-box-wrapper\">\n\n\t\t\t\t\t\t<div class=\"elementor-icon-box-icon\">\n\t\t\t\t<span  class=\"elementor-icon\">\n\t\t\t\t<svg aria-hidden=\"true\" class=\"e-font-icon-svg e-far-arrow-alt-circle-right\" viewBox=\"0 0 512 512\" xmlns=\"http:\/\/www.w3.org\/2000\/svg\"><path d=\"M504 256C504 119 393 8 256 8S8 119 8 256s111 248 248 248 248-111 248-248zm-448 0c0-110.5 89.5-200 200-200s200 89.5 200 200-89.5 200-200 200S56 366.5 56 256zm72 20v-40c0-6.6 5.4-12 12-12h116v-67c0-10.7 12.9-16 20.5-8.5l99 99c4.7 4.7 4.7 12.3 0 17l-99 99c-7.6 7.6-20.5 2.2-20.5-8.5v-67H140c-6.6 0-12-5.4-12-12z\"><\/path><\/svg>\t\t\t\t<\/span>\n\t\t\t<\/div>\n\t\t\t\n\t\t\t\t\t\t<div class=\"elementor-icon-box-content\">\n\n\t\t\t\t\t\t\t\t\t<div class=\"elementor-icon-box-title\">\n\t\t\t\t\t\t<span  >\n\t\t\t\t\t\t\tMiss\u00e3o\t\t\t\t\t\t<\/span>\n\t\t\t\t\t<\/div>\n\t\t\t\t\n\t\t\t\t\t\t\t\t\t<p class=\"elementor-icon-box-description\">\n\t\t\t\t\t\tProver solu\u00e7\u00f5es para o mercado imobili\u00e1rio nos segmentos de intelig\u00eancia de neg\u00f3cios, constru\u00e7\u00e3o, incorpora\u00e7\u00e3o e gest\u00e3o de ativos, que contribuam para viabilizar e fomentar neg\u00f3cios, gerando desenvolvimento sustent\u00e1vel.\t\t\t\t\t<\/p>\n\t\t\t\t\n\t\t\t<\/div>\n\t\t\t\n\t\t<\/div>\n\t\t\t\t\t\t<\/div>\n\t\t\t\t<div class=\"elementor-element elementor-element-edb761f elementor-view-stacked elementor-widget__width-initial elementor-widget-mobile__width-inherit elementor-shape-circle elementor-position-top elementor-mobile-position-top elementor-widget elementor-widget-icon-box\" data-id=\"edb761f\" data-element_type=\"widget\" data-widget_type=\"icon-box.default\">\n\t\t\t\t\t\t\t<div class=\"elementor-icon-box-wrapper\">\n\n\t\t\t\t\t\t<div class=\"elementor-icon-box-icon\">\n\t\t\t\t<span  class=\"elementor-icon\">\n\t\t\t\t<svg aria-hidden=\"true\" class=\"e-font-icon-svg e-far-arrow-alt-circle-right\" viewBox=\"0 0 512 512\" xmlns=\"http:\/\/www.w3.org\/2000\/svg\"><path d=\"M504 256C504 119 393 8 256 8S8 119 8 256s111 248 248 248 248-111 248-248zm-448 0c0-110.5 89.5-200 200-200s200 89.5 200 200-89.5 200-200 200S56 366.5 56 256zm72 20v-40c0-6.6 5.4-12 12-12h116v-67c0-10.7 12.9-16 20.5-8.5l99 99c4.7 4.7 4.7 12.3 0 17l-99 99c-7.6 7.6-20.5 2.2-20.5-8.5v-67H140c-6.6 0-12-5.4-12-12z\"><\/path><\/svg>\t\t\t\t<\/span>\n\t\t\t<\/div>\n\t\t\t\n\t\t\t\t\t\t<div class=\"elementor-icon-box-content\">\n\n\t\t\t\t\t\t\t\t\t<div class=\"elementor-icon-box-title\">\n\t\t\t\t\t\t<span  >\n\t\t\t\t\t\t\tVis\u00e3o\t\t\t\t\t\t<\/span>\n\t\t\t\t\t<\/div>\n\t\t\t\t\n\t\t\t\t\t\t\t\t\t<p class=\"elementor-icon-box-description\">\n\t\t\t\t\t\tConsolidar-se como uma empresa de solu\u00e7\u00f5es para o mercado imobili\u00e1rio, gerando resultados sustent\u00e1veis por meio da autonomia de gest\u00e3o, da transforma\u00e7\u00e3o digital, da diversifica\u00e7\u00e3o das fontes de receita e de pol\u00edticas de responsabilidade socioambiental, at\u00e9 2026.\t\t\t\t\t<\/p>\n\t\t\t\t\n\t\t\t<\/div>\n\t\t\t\n\t\t<\/div>\n\t\t\t\t\t\t<\/div>\n\t\t\t\t<\/div>\n\t\t<div class=\"elementor-element elementor-element-476eaf61 e-con-full e-flex e-con e-child\" data-id=\"476eaf61\" data-element_type=\"container\">\n\t\t\t\t<div class=\"elementor-element elementor-element-994b98 elementor-widget elementor-widget-image\" data-id=\"994b98\" data-element_type=\"widget\" data-widget_type=\"image.default\">\n\t\t\t\t\t\t\t\t\t\t\t\t\t\t\t<img decoding=\"async\" width=\"800\" height=\"944\" src=\"https:\/\/netoconstrutor.com.br\/wp-content\/uploads\/2025\/11\/foto1.png\" class=\"attachment-full size-full wp-image-339\" alt=\"\" srcset=\"https:\/\/netoconstrutor.com.br\/wp-content\/uploads\/2025\/11\/foto1.png 800w, https:\/\/netoconstrutor.com.br\/wp-content\/uploads\/2025\/11\/foto1-254x300.png 254w, https:\/\/netoconstrutor.com.br\/wp-content\/uploads\/2025\/11\/foto1-768x906.png 768w\" sizes=\"(max-width: 800px) 100vw, 800px\" \/>\t\t\t\t\t\t\t\t\t\t\t\t\t\t\t<\/div>\n\t\t\t\t<div class=\"elementor-element elementor-element-5c2a0b13 elementor-absolute elementor-widget__width-initial elementor-widget elementor-widget-image\" data-id=\"5c2a0b13\" data-element_type=\"widget\" data-settings=\"{&quot;_position&quot;:&quot;absolute&quot;}\" data-widget_type=\"image.default\">\n\t\t\t\t\t\t\t\t\t\t\t\t\t\t\t<img loading=\"lazy\" decoding=\"async\" width=\"900\" height=\"888\" src=\"https:\/\/netoconstrutor.com.br\/wp-content\/uploads\/2025\/11\/casapronta.png\" class=\"attachment-full size-full wp-image-367\" alt=\"\" srcset=\"https:\/\/netoconstrutor.com.br\/wp-content\/uploads\/2025\/11\/casapronta.png 900w, https:\/\/netoconstrutor.com.br\/wp-content\/uploads\/2025\/11\/casapronta-300x296.png 300w, https:\/\/netoconstrutor.com.br\/wp-content\/uploads\/2025\/11\/casapronta-768x758.png 768w\" sizes=\"(max-width: 900px) 100vw, 900px\" \/>\t\t\t\t\t\t\t\t\t\t\t\t\t\t\t<\/div>\n\t\t\t\t<div class=\"elementor-element elementor-element-757a225d elementor-absolute elementor-widget__width-initial elementor-widget elementor-widget-image\" data-id=\"757a225d\" data-element_type=\"widget\" data-settings=\"{&quot;_position&quot;:&quot;absolute&quot;}\" data-widget_type=\"image.default\">\n\t\t\t\t\t\t\t\t\t\t\t\t\t\t\t<img loading=\"lazy\" decoding=\"async\" width=\"800\" height=\"746\" src=\"https:\/\/netoconstrutor.com.br\/wp-content\/uploads\/2025\/11\/casapronta2.png\" class=\"attachment-full size-full wp-image-368\" alt=\"\" srcset=\"https:\/\/netoconstrutor.com.br\/wp-content\/uploads\/2025\/11\/casapronta2.png 800w, https:\/\/netoconstrutor.com.br\/wp-content\/uploads\/2025\/11\/casapronta2-300x280.png 300w, https:\/\/netoconstrutor.com.br\/wp-content\/uploads\/2025\/11\/casapronta2-768x716.png 768w\" sizes=\"(max-width: 800px) 100vw, 800px\" \/>\t\t\t\t\t\t\t\t\t\t\t\t\t\t\t<\/div>\n\t\t\t\t<\/div>\n\t\t\t\t\t<\/div>\n\t\t\t\t<\/div>\n\t\t\t\t<\/div>\n\t\t","protected":false},"excerpt":{"rendered":"<p>Anos de Mercado + 0 Quem Somos Neto Construtor e Corretor de Im\u00f3veis Com uma trajet\u00f3ria s\u00f3lida e centenas de fam\u00edlias satisfeitas, seguimos construindo hist\u00f3rias de sucesso \u2014 unindo tecnologia, sustentabilidade e atendimento personalizado. \ud83d\udd39 Construtora \u2013 Projetos inovadores, obras de alto padr\u00e3o e entrega dentro do prazo.\ud83d\udd39 Corretora de Im\u00f3veis \u2013 Intermedia\u00e7\u00e3o segura, consultoria [&hellip;]<\/p>\n","protected":false},"author":1,"featured_media":0,"parent":0,"menu_order":0,"comment_status":"closed","ping_status":"closed","template":"","meta":{"footnotes":""},"class_list":["post-295","page","type-page","status-publish","hentry"],"_links":{"self":[{"href":"https:\/\/netoconstrutor.com.br\/index.php?rest_route=\/wp\/v2\/pages\/295","targetHints":{"allow":["GET"]}}],"collection":[{"href":"https:\/\/netoconstrutor.com.br\/index.php?rest_route=\/wp\/v2\/pages"}],"about":[{"href":"https:\/\/netoconstrutor.com.br\/index.php?rest_route=\/wp\/v2\/types\/page"}],"author":[{"embeddable":true,"href":"https:\/\/netoconstrutor.com.br\/index.php?rest_route=\/wp\/v2\/users\/1"}],"replies":[{"embeddable":true,"href":"https:\/\/netoconstrutor.com.br\/index.php?rest_route=%2Fwp%2Fv2%2Fcomments&post=295"}],"version-history":[{"count":58,"href":"https:\/\/netoconstrutor.com.br\/index.php?rest_route=\/wp\/v2\/pages\/295\/revisions"}],"predecessor-version":[{"id":419,"href":"https:\/\/netoconstrutor.com.br\/index.php?rest_route=\/wp\/v2\/pages\/295\/revisions\/419"}],"wp:attachment":[{"href":"https:\/\/netoconstrutor.com.br\/index.php?rest_route=%2Fwp%2Fv2%2Fmedia&parent=295"}],"curies":[{"name":"wp","href":"https:\/\/api.w.org\/{rel}","templated":true}]}}